{"id":10,"date":"2017-10-30T07:27:44","date_gmt":"2017-10-30T10:27:44","guid":{"rendered":"http:\/\/www.abrazpe.org.br\/novo\/?page_id=10"},"modified":"2023-06-05T22:28:04","modified_gmt":"2023-06-06T01:28:04","slug":"abrazpe","status":"publish","type":"page","link":"https:\/\/www.abrazpe.org.br\/index.php\/abrazpe\/","title":{"rendered":"ABRAZPE"},"content":{"rendered":"<p class=\"estimated-read-time\">Tempo de leitura:<small> 2 minutos<\/small><\/p> <p>A Associa\u00e7\u00e3o Brasileira de Zonas de Processamento de Exporta\u00e7\u00e3o (ABRAZPE) \u00e9 uma entidade sem fins lucrativos, que congrega as empresas administradoras de ZPE, bem como outras institui\u00e7\u00f5es\/entidades que tenham interesse direto no desenvolvimento do Programa Brasileiro de ZPEs.<\/p>\n<p>Desde a sua funda\u00e7\u00e3o em 1989, a Associa\u00e7\u00e3o vem funcionando como \u201clocus\u201d de articula\u00e7\u00e3o e coordena\u00e7\u00e3o das a\u00e7\u00f5es para o desenvolvimento e aperfei\u00e7oamento do Programa das ZPEsno Brasil.<\/p>\n<p>A Associa\u00e7\u00e3o coordenou e negociou no Congresso Nacional todas as mudan\u00e7as anteriores no sentido de modernizar a legisla\u00e7\u00e3o das ZPEs (Leis 8.396\/1992 e 11.508\/2007), at\u00e9 conseguir a aprova\u00e7\u00e3o da Lei 14.184\/2021, que tornou o marco legal das ZPEs finalmente competitivo. O Brasil j\u00e1 pode contar com um eficiente instrumento de desenvolvimento, que vem sendo utilizado por mais de 150 pa\u00edses, entre os quais os Estados Unidos e a China.<\/p>\n<p>A ABRAZPE \u00e9 membro da F\u00e9d\u00e9ration Mondiale desZones Franches \u2013 FEMOZA, Genebra, Su\u00ed\u00e7a; da World Economic Processing Zones Association \u2013 WEPZA, Deal, Reino Unido; e da World Free Zones Organization \u2013 World FZO, Dubai, Emirados \u00c1rabes Unidos; e mant\u00e9m articula\u00e7\u00e3o com a Asociaci\u00f3n de Zonas Francas de las Am\u00e9ricas \u2013 AZFA, Bogot\u00e1, Col\u00f4mbia.<\/p>\n<p>Participou da cerim\u00f4nia oficial de lan\u00e7amento da GLOBAL ALLIANCE OF SPECIAL ECONOMIC ZONES (GASEZ), uma iniciativa da UNITED NATIONS CONFERENCE ON TRADE AND DEVELOPMENT (UNCTAD), em 13\/06\/2022, em Montego Bay, Jamaica, que reuniu associa\u00e7\u00f5es globais, regionais e nacionais, representando mais de 7.000 zonas econ\u00f4micas especiais, para acelerar a moderniza\u00e7\u00e3o e maximizar a contribui\u00e7\u00e3o desse mecanismo para promover o desenvolvimento sustent\u00e1vel.<\/p>\n<p>Em 1995, a ABRAZPE patrocinou e organizou, em colabora\u00e7\u00e3o com a WEPZA, a \u201cXV International Conference of Free Zones and Export Processing Zones\u201d, no Rio de Janeiro, que contou com a presen\u00e7a de mais de 200 delegados, provenientes de 18 pa\u00edses.<\/p>\n<p>A ABRAZPE realiza periodicamente o \u201cF\u00f3rum Brasileiro de ZPEs\u201d, evento em que s\u00e3o discutidos os desafios e as perspectivas do Programa, com a participa\u00e7\u00e3o de autoridades governamentais, experientes executivos e renomados especialistas, nacionais e estrangeiros, em ZPEs e mecanismos similares. Foram realizadas at\u00e9 agora, quatro edi\u00e7\u00f5es do F\u00f3rum: em 2009, na Federa\u00e7\u00e3o das Ind\u00fastrias do Rio de Janeiro (FIRJAN); em 2011, na Federa\u00e7\u00e3o das Ind\u00fastrias de Pernambuco (FIEPE); em 2013, na ZPE de Pec\u00e9m\/CE e Companhia de Portos do Cear\u00e1; e em 2022, na ZPE de Parna\u00edba\/PI.<\/p>\n<hr \/>\n<p style=\"text-align: center;\"><a href=\"http:\/\/www.abrazpe.org.br\/index.php\/associacao\/\">Associe-se<\/a><\/p>\n<hr \/>\n<table style=\"width: 100%;\">\n<tbody>\n<tr>\n<th>\n<figure id=\"attachment_204\" aria-describedby=\"caption-attachment-204\" style=\"width: 300px\" class=\"wp-caption alignleft\"><img loading=\"lazy\" decoding=\"async\" class=\"wp-image-204 size-medium\" src=\"http:\/\/www.abrazpe.org.br\/wp-content\/uploads\/2017\/10\/10-300x223.png\" alt=\"\" width=\"300\" height=\"223\" srcset=\"https:\/\/www.abrazpe.org.br\/wp-content\/uploads\/2017\/10\/10-300x223.png 300w, https:\/\/www.abrazpe.org.br\/wp-content\/uploads\/2017\/10\/10.png 657w\" sizes=\"auto, (max-width: 300px) 100vw, 300px\" \/><figcaption id=\"caption-attachment-204\" class=\"wp-caption-text\">1\u00b0 F\u00f3rum Brasileiro de ZPEs<\/figcaption><\/figure>\n<\/th>\n<th>\n<figure id=\"attachment_210\" aria-describedby=\"caption-attachment-210\" style=\"width: 300px\" class=\"wp-caption alignleft\"><img loading=\"lazy\" decoding=\"async\" class=\"wp-image-210 size-full\" src=\"http:\/\/www.abrazpe.org.br\/wp-content\/uploads\/2017\/10\/2_300x223.png\" alt=\"\" width=\"300\" height=\"223\" \/><figcaption id=\"caption-attachment-210\" class=\"wp-caption-text\">2\u00b0 F\u00f3rum Brasileiro de ZPEs<\/figcaption><\/figure>\n<\/th>\n<th style=\"text-align: left;\">\n<figure id=\"attachment_211\" aria-describedby=\"caption-attachment-211\" style=\"width: 300px\" class=\"wp-caption alignleft\"><a href=\"http:\/\/www.abrazpe.org.br\/wp-content\/uploads\/2017\/10\/3.jpg\"><img loading=\"lazy\" decoding=\"async\" class=\"wp-image-211 size-full\" src=\"http:\/\/www.abrazpe.org.br\/wp-content\/uploads\/2017\/10\/3.jpg\" alt=\"\" width=\"300\" height=\"223\" \/><\/a><figcaption id=\"caption-attachment-211\" class=\"wp-caption-text\">3\u00b0 F\u00f3rum Brasileiro de ZPEs<\/figcaption><\/figure>\n<\/th>\n<\/tr>\n<\/tbody>\n<\/table>\n\n\n<figure class=\"wp-block-image size-medium\"><img loading=\"lazy\" decoding=\"async\" width=\"300\" height=\"192\" src=\"https:\/\/www.abrazpe.org.br\/wp-content\/uploads\/2023\/05\/PHOTO-2022-02-16-17-37-34-1-300x192.jpg\" alt=\"\" class=\"wp-image-5686\" srcset=\"https:\/\/www.abrazpe.org.br\/wp-content\/uploads\/2023\/05\/PHOTO-2022-02-16-17-37-34-1-300x192.jpg 300w, https:\/\/www.abrazpe.org.br\/wp-content\/uploads\/2023\/05\/PHOTO-2022-02-16-17-37-34-1-768x491.jpg 768w, https:\/\/www.abrazpe.org.br\/wp-content\/uploads\/2023\/05\/PHOTO-2022-02-16-17-37-34-1-370x236.jpg 370w, https:\/\/www.abrazpe.org.br\/wp-content\/uploads\/2023\/05\/PHOTO-2022-02-16-17-37-34-1-970x620.jpg 970w, https:\/\/www.abrazpe.org.br\/wp-content\/uploads\/2023\/05\/PHOTO-2022-02-16-17-37-34-1.jpg 1000w\" sizes=\"auto, (max-width: 300px) 100vw, 300px\" \/><figcaption class=\"wp-element-caption\">4\u00ba F\u00f3rum Brasileiro de ZPEs<\/figcaption><\/figure>\n","protected":false},"excerpt":{"rendered":"<p><small> 2 minutos<\/small> A Associa\u00e7\u00e3o Brasileira de Zonas de Processamento de Exporta\u00e7\u00e3o (ABRAZPE) \u00e9 uma entidade sem fins lucrativos, que congrega as empresas administradoras de ZPE, bem como outras institui\u00e7\u00f5es\/entidades que tenham interesse direto no desenvolvimento do Programa Brasileiro de ZPEs. Desde a sua funda\u00e7\u00e3o em 1989, a Associa\u00e7\u00e3o vem funcionando como \u201clocus\u201d de articula\u00e7\u00e3o e coordena\u00e7\u00e3o das a\u00e7\u00f5es para o desenvolvimento e aperfei\u00e7oamento do Programa das ZPEsno Brasil. A Associa\u00e7\u00e3o coordenou e negociou no Congresso Nacional todas as mudan\u00e7as anteriores no sentido de modernizar <a href=\"https:\/\/www.abrazpe.org.br\/index.php\/abrazpe\/\" class=\"more-link\"><span>Continue lendo<\/span>\u2192<\/a><\/p>\n","protected":false},"author":3,"featured_media":0,"parent":0,"menu_order":0,"comment_status":"closed","ping_status":"closed","template":"","meta":{"footnotes":""},"class_list":["entry","author-adm_fb2018","post-10","page","type-page","status-publish"],"_links":{"self":[{"href":"https:\/\/www.abrazpe.org.br\/index.php\/wp-json\/wp\/v2\/pages\/10","targetHints":{"allow":["GET"]}}],"collection":[{"href":"https:\/\/www.abrazpe.org.br\/index.php\/wp-json\/wp\/v2\/pages"}],"about":[{"href":"https:\/\/www.abrazpe.org.br\/index.php\/wp-json\/wp\/v2\/types\/page"}],"author":[{"embeddable":true,"href":"https:\/\/www.abrazpe.org.br\/index.php\/wp-json\/wp\/v2\/users\/3"}],"replies":[{"embeddable":true,"href":"https:\/\/www.abrazpe.org.br\/index.php\/wp-json\/wp\/v2\/comments?post=10"}],"version-history":[{"count":26,"href":"https:\/\/www.abrazpe.org.br\/index.php\/wp-json\/wp\/v2\/pages\/10\/revisions"}],"predecessor-version":[{"id":5717,"href":"https:\/\/www.abrazpe.org.br\/index.php\/wp-json\/wp\/v2\/pages\/10\/revisions\/5717"}],"wp:attachment":[{"href":"https:\/\/www.abrazpe.org.br\/index.php\/wp-json\/wp\/v2\/media?parent=10"}],"curies":[{"name":"wp","href":"https:\/\/api.w.org\/{rel}","templated":true}]}}