{"id":5898,"date":"2023-08-31T17:11:05","date_gmt":"2023-08-31T20:11:05","guid":{"rendered":"https:\/\/www.abrazpe.org.br\/?page_id=5898"},"modified":"2023-09-04T16:20:44","modified_gmt":"2023-09-04T19:20:44","slug":"frente-parlamentar-das-zpes","status":"publish","type":"page","link":"https:\/\/www.abrazpe.org.br\/index.php\/frente-parlamentar-das-zpes\/","title":{"rendered":"Frente Parlamentar das ZPEs"},"content":{"rendered":"<p class=\"estimated-read-time\">Tempo de leitura:<small> 2 minutos<\/small><\/p> \n<p>Bras\u00edlia, DF \u2013 Nesta quarta-feira, foi lan\u00e7ada a Frente Parlamentar em Defesa das Zonas de Processamento e Exporta\u00e7\u00e3o \u2013 ZPE na C\u00e2mara dos Deputados. Com o objetivo de promover uma ampla gama de benef\u00edcios para o pa\u00eds, a frente parlamentar surge como um marco importante para estimular o crescimento econ\u00f4mico e a cria\u00e7\u00e3o de empregos.<\/p>\n\n\n\n<p>A ZPE representa um passo crucial para fortalecer o cen\u00e1rio econ\u00f4mico do Brasil, visando a defesa do regime tribut\u00e1rio, cambial e administrativo das Zonas de Exporta\u00e7\u00e3o. Essa iniciativa tamb\u00e9m tem como meta fomentar a cultura exportadora e alavancar o balan\u00e7o comercial, contribuindo assim para a promo\u00e7\u00e3o do desenvolvimento sustent\u00e1vel em todas as regi\u00f5es do pa\u00eds.<\/p>\n\n\n\n<p>Uma das pe\u00e7as-chave na forma\u00e7\u00e3o deste colegiado \u00e9 a Associa\u00e7\u00e3o Brasileira das Zonas de Processamento e Exporta\u00e7\u00e3o (ABRAZPE), cuja participa\u00e7\u00e3o contribuiu para moldar a frente parlamentar. Al\u00e9m disso, a iniciativa tem a miss\u00e3o de impulsionar a difus\u00e3o tecnol\u00f3gica e reduzir desequil\u00edbrios regionais.<\/p>\n\n\n\n<p>O presidente da Associa\u00e7\u00e3o Brasileira de Zonas de Processamento de Exporta\u00e7\u00e3o (ABRAZPE), Helson Braga, assegura que as ZPEs contam com o apoio do Governo Federal e esse alinhamento \u00e9 fundamental para a amplia\u00e7\u00e3o e fortalecimento das zonas de processamento.<\/p>\n\n\n\n<p>A Frente Parlamentar ser\u00e1 presidida pelo deputado federal Florentino Neto (PT\/PI). Conforme afirmado por Florentino, o grupo ir\u00e1 oferecer um apoio abrangente a todas as ZPEs j\u00e1 estabelecidas, aquelas que est\u00e3o em funcionamento, as que enfrentaram revoga\u00e7\u00e3o de autoriza\u00e7\u00e3o e as que est\u00e3o em fase de implanta\u00e7\u00e3o. \u201cEstamos assumindo a responsabilidade de trabalhar pela moderniza\u00e7\u00e3o, adequa\u00e7\u00e3o e melhoria da legisla\u00e7\u00e3o para que possamos ter no Brasil ZPEs perenes e que impulsionem a nossa economia\u201d, destacou o parlamentar.<\/p>\n\n\n\n<p>O lan\u00e7amento da Frente Parlamentar em Defesa das ZPE representa um compromisso com o crescimento inclusivo e a prosperidade da na\u00e7\u00e3o. O evento marcou um passo significativo rumo a uma economia robusta, abrindo caminho para um futuro mais promissor e din\u00e2mico para o Brasil.<\/p>\n\n\n\n<figure class=\"wp-block-embed is-type-video is-provider-youtube wp-block-embed-youtube wp-embed-aspect-16-9 wp-has-aspect-ratio\"><div class=\"wp-block-embed__wrapper\">\n<iframe loading=\"lazy\" title=\"Frente Parlamentar das ZPEs\" width=\"1075\" height=\"605\" src=\"https:\/\/www.youtube.com\/embed\/HA2MtaI-Oqc?feature=oembed\" frameborder=\"0\" allow=\"accelerometer; autoplay; clipboard-write; encrypted-media; gyroscope; picture-in-picture; web-share\" allowfullscreen><\/iframe>\n<\/div><\/figure>\n\n\n\n<figure class=\"wp-block-embed is-type-video is-provider-youtube wp-block-embed-youtube wp-embed-aspect-16-9 wp-has-aspect-ratio\"><div class=\"wp-block-embed__wrapper\">\n<iframe loading=\"lazy\" title=\"Deputado fala sobre lan\u00e7amento da Frente Parlamentar\" width=\"1075\" height=\"605\" src=\"https:\/\/www.youtube.com\/embed\/2HfZA7jZ9b4?start=5&#038;feature=oembed\" frameborder=\"0\" allow=\"accelerometer; autoplay; clipboard-write; encrypted-media; gyroscope; picture-in-picture; web-share\" allowfullscreen><\/iframe>\n<\/div><\/figure>\n\n\n\n<div class=\"wp-block-group\"><div class=\"wp-block-group__inner-container is-layout-constrained wp-block-group-is-layout-constrained\">\n<div class=\"wp-block-columns is-layout-flex wp-container-core-columns-is-layout-28f84493 wp-block-columns-is-layout-flex\">\n<div class=\"wp-block-column is-layout-flow wp-block-column-is-layout-flow\" style=\"flex-basis:100%\">\n<div class=\"wp-block-group is-vertical is-layout-flex wp-container-core-group-is-layout-fe9cc265 wp-block-group-is-layout-flex\">\n<div class=\"wp-block-columns is-layout-flex wp-container-core-columns-is-layout-28f84493 wp-block-columns-is-layout-flex\">\n<div class=\"wp-block-column is-layout-flow wp-block-column-is-layout-flow\" style=\"flex-basis:100%\">\n<div class=\"wp-block-group\"><div class=\"wp-block-group__inner-container is-layout-constrained wp-block-group-is-layout-constrained\">\n<figure class=\"wp-block-image size-large\"><img loading=\"lazy\" decoding=\"async\" width=\"1024\" height=\"683\" src=\"https:\/\/www.abrazpe.org.br\/wp-content\/uploads\/2023\/08\/IMG_0760-1024x683.jpg\" alt=\"\" class=\"wp-image-5894\" srcset=\"https:\/\/www.abrazpe.org.br\/wp-content\/uploads\/2023\/08\/IMG_0760-1024x683.jpg 1024w, https:\/\/www.abrazpe.org.br\/wp-content\/uploads\/2023\/08\/IMG_0760-300x200.jpg 300w, https:\/\/www.abrazpe.org.br\/wp-content\/uploads\/2023\/08\/IMG_0760-768x512.jpg 768w, https:\/\/www.abrazpe.org.br\/wp-content\/uploads\/2023\/08\/IMG_0760-1536x1024.jpg 1536w, https:\/\/www.abrazpe.org.br\/wp-content\/uploads\/2023\/08\/IMG_0760-370x247.jpg 370w, https:\/\/www.abrazpe.org.br\/wp-content\/uploads\/2023\/08\/IMG_0760-970x647.jpg 970w, https:\/\/www.abrazpe.org.br\/wp-content\/uploads\/2023\/08\/IMG_0760.jpg 1920w\" sizes=\"auto, (max-width: 1024px) 100vw, 1024px\" \/><\/figure>\n\n\n\n<figure class=\"wp-block-image size-large\"><img loading=\"lazy\" decoding=\"async\" width=\"1024\" height=\"683\" src=\"https:\/\/www.abrazpe.org.br\/wp-content\/uploads\/2023\/08\/IMG_0751-1024x683.jpg\" alt=\"\" class=\"wp-image-5893\" srcset=\"https:\/\/www.abrazpe.org.br\/wp-content\/uploads\/2023\/08\/IMG_0751-1024x683.jpg 1024w, https:\/\/www.abrazpe.org.br\/wp-content\/uploads\/2023\/08\/IMG_0751-300x200.jpg 300w, https:\/\/www.abrazpe.org.br\/wp-content\/uploads\/2023\/08\/IMG_0751-768x512.jpg 768w, https:\/\/www.abrazpe.org.br\/wp-content\/uploads\/2023\/08\/IMG_0751-1536x1024.jpg 1536w, https:\/\/www.abrazpe.org.br\/wp-content\/uploads\/2023\/08\/IMG_0751-370x247.jpg 370w, https:\/\/www.abrazpe.org.br\/wp-content\/uploads\/2023\/08\/IMG_0751-970x647.jpg 970w, https:\/\/www.abrazpe.org.br\/wp-content\/uploads\/2023\/08\/IMG_0751.jpg 1920w\" sizes=\"auto, (max-width: 1024px) 100vw, 1024px\" \/><\/figure>\n\n\n\n<figure class=\"wp-block-image size-large\"><img loading=\"lazy\" decoding=\"async\" width=\"1024\" height=\"683\" src=\"https:\/\/www.abrazpe.org.br\/wp-content\/uploads\/2023\/08\/IMG_0752-1024x683.jpg\" alt=\"\" class=\"wp-image-5892\" srcset=\"https:\/\/www.abrazpe.org.br\/wp-content\/uploads\/2023\/08\/IMG_0752-1024x683.jpg 1024w, https:\/\/www.abrazpe.org.br\/wp-content\/uploads\/2023\/08\/IMG_0752-300x200.jpg 300w, https:\/\/www.abrazpe.org.br\/wp-content\/uploads\/2023\/08\/IMG_0752-768x512.jpg 768w, https:\/\/www.abrazpe.org.br\/wp-content\/uploads\/2023\/08\/IMG_0752-1536x1024.jpg 1536w, https:\/\/www.abrazpe.org.br\/wp-content\/uploads\/2023\/08\/IMG_0752-370x247.jpg 370w, https:\/\/www.abrazpe.org.br\/wp-content\/uploads\/2023\/08\/IMG_0752-970x647.jpg 970w, https:\/\/www.abrazpe.org.br\/wp-content\/uploads\/2023\/08\/IMG_0752.jpg 1920w\" sizes=\"auto, (max-width: 1024px) 100vw, 1024px\" \/><\/figure>\n\n\n\n<figure class=\"wp-block-image size-large\"><img loading=\"lazy\" decoding=\"async\" width=\"1024\" height=\"683\" src=\"https:\/\/www.abrazpe.org.br\/wp-content\/uploads\/2023\/08\/IMG_0766-1024x683.jpg\" alt=\"\" class=\"wp-image-5891\" srcset=\"https:\/\/www.abrazpe.org.br\/wp-content\/uploads\/2023\/08\/IMG_0766-1024x683.jpg 1024w, https:\/\/www.abrazpe.org.br\/wp-content\/uploads\/2023\/08\/IMG_0766-300x200.jpg 300w, https:\/\/www.abrazpe.org.br\/wp-content\/uploads\/2023\/08\/IMG_0766-768x512.jpg 768w, https:\/\/www.abrazpe.org.br\/wp-content\/uploads\/2023\/08\/IMG_0766-1536x1024.jpg 1536w, https:\/\/www.abrazpe.org.br\/wp-content\/uploads\/2023\/08\/IMG_0766-370x247.jpg 370w, https:\/\/www.abrazpe.org.br\/wp-content\/uploads\/2023\/08\/IMG_0766-970x647.jpg 970w, https:\/\/www.abrazpe.org.br\/wp-content\/uploads\/2023\/08\/IMG_0766.jpg 1920w\" sizes=\"auto, (max-width: 1024px) 100vw, 1024px\" \/><\/figure>\n\n\n\n<figure class=\"wp-block-image size-large\"><img loading=\"lazy\" decoding=\"async\" width=\"1024\" height=\"683\" src=\"https:\/\/www.abrazpe.org.br\/wp-content\/uploads\/2023\/08\/IMG_0759-1024x683.jpg\" alt=\"\" class=\"wp-image-5890\" srcset=\"https:\/\/www.abrazpe.org.br\/wp-content\/uploads\/2023\/08\/IMG_0759-1024x683.jpg 1024w, https:\/\/www.abrazpe.org.br\/wp-content\/uploads\/2023\/08\/IMG_0759-300x200.jpg 300w, https:\/\/www.abrazpe.org.br\/wp-content\/uploads\/2023\/08\/IMG_0759-768x512.jpg 768w, https:\/\/www.abrazpe.org.br\/wp-content\/uploads\/2023\/08\/IMG_0759-1536x1024.jpg 1536w, https:\/\/www.abrazpe.org.br\/wp-content\/uploads\/2023\/08\/IMG_0759-370x247.jpg 370w, https:\/\/www.abrazpe.org.br\/wp-content\/uploads\/2023\/08\/IMG_0759-970x647.jpg 970w, https:\/\/www.abrazpe.org.br\/wp-content\/uploads\/2023\/08\/IMG_0759.jpg 1920w\" sizes=\"auto, (max-width: 1024px) 100vw, 1024px\" \/><\/figure>\n\n\n\n<figure class=\"wp-block-image size-large\"><img loading=\"lazy\" decoding=\"async\" width=\"1024\" height=\"683\" src=\"https:\/\/www.abrazpe.org.br\/wp-content\/uploads\/2023\/08\/IMG_0757-1024x683.jpg\" alt=\"\" class=\"wp-image-5889\" srcset=\"https:\/\/www.abrazpe.org.br\/wp-content\/uploads\/2023\/08\/IMG_0757-1024x683.jpg 1024w, https:\/\/www.abrazpe.org.br\/wp-content\/uploads\/2023\/08\/IMG_0757-300x200.jpg 300w, https:\/\/www.abrazpe.org.br\/wp-content\/uploads\/2023\/08\/IMG_0757-768x512.jpg 768w, https:\/\/www.abrazpe.org.br\/wp-content\/uploads\/2023\/08\/IMG_0757-1536x1024.jpg 1536w, https:\/\/www.abrazpe.org.br\/wp-content\/uploads\/2023\/08\/IMG_0757-370x247.jpg 370w, https:\/\/www.abrazpe.org.br\/wp-content\/uploads\/2023\/08\/IMG_0757-970x647.jpg 970w, https:\/\/www.abrazpe.org.br\/wp-content\/uploads\/2023\/08\/IMG_0757.jpg 1920w\" sizes=\"auto, (max-width: 1024px) 100vw, 1024px\" \/><\/figure>\n\n\n\n<figure class=\"wp-block-image size-large\"><img loading=\"lazy\" decoding=\"async\" width=\"1024\" height=\"683\" src=\"https:\/\/www.abrazpe.org.br\/wp-content\/uploads\/2023\/08\/IMG_0748-1024x683.jpg\" alt=\"\" class=\"wp-image-5888\" srcset=\"https:\/\/www.abrazpe.org.br\/wp-content\/uploads\/2023\/08\/IMG_0748-1024x683.jpg 1024w, https:\/\/www.abrazpe.org.br\/wp-content\/uploads\/2023\/08\/IMG_0748-300x200.jpg 300w, https:\/\/www.abrazpe.org.br\/wp-content\/uploads\/2023\/08\/IMG_0748-768x512.jpg 768w, https:\/\/www.abrazpe.org.br\/wp-content\/uploads\/2023\/08\/IMG_0748-1536x1024.jpg 1536w, https:\/\/www.abrazpe.org.br\/wp-content\/uploads\/2023\/08\/IMG_0748-370x247.jpg 370w, https:\/\/www.abrazpe.org.br\/wp-content\/uploads\/2023\/08\/IMG_0748-970x647.jpg 970w, https:\/\/www.abrazpe.org.br\/wp-content\/uploads\/2023\/08\/IMG_0748.jpg 1920w\" sizes=\"auto, (max-width: 1024px) 100vw, 1024px\" \/><\/figure>\n\n\n\n<figure class=\"wp-block-image size-large\"><img loading=\"lazy\" decoding=\"async\" width=\"1024\" height=\"683\" src=\"https:\/\/www.abrazpe.org.br\/wp-content\/uploads\/2023\/08\/IMG_0768-1024x683.jpg\" alt=\"\" class=\"wp-image-5887\" srcset=\"https:\/\/www.abrazpe.org.br\/wp-content\/uploads\/2023\/08\/IMG_0768-1024x683.jpg 1024w, https:\/\/www.abrazpe.org.br\/wp-content\/uploads\/2023\/08\/IMG_0768-300x200.jpg 300w, https:\/\/www.abrazpe.org.br\/wp-content\/uploads\/2023\/08\/IMG_0768-768x512.jpg 768w, https:\/\/www.abrazpe.org.br\/wp-content\/uploads\/2023\/08\/IMG_0768-1536x1024.jpg 1536w, https:\/\/www.abrazpe.org.br\/wp-content\/uploads\/2023\/08\/IMG_0768-370x247.jpg 370w, https:\/\/www.abrazpe.org.br\/wp-content\/uploads\/2023\/08\/IMG_0768-970x647.jpg 970w, https:\/\/www.abrazpe.org.br\/wp-content\/uploads\/2023\/08\/IMG_0768.jpg 1920w\" sizes=\"auto, (max-width: 1024px) 100vw, 1024px\" \/><\/figure>\n\n\n\n<figure class=\"wp-block-image size-large\"><img loading=\"lazy\" decoding=\"async\" width=\"1024\" height=\"683\" src=\"https:\/\/www.abrazpe.org.br\/wp-content\/uploads\/2023\/08\/IMG_0764-1024x683.jpg\" alt=\"\" class=\"wp-image-5886\" srcset=\"https:\/\/www.abrazpe.org.br\/wp-content\/uploads\/2023\/08\/IMG_0764-1024x683.jpg 1024w, https:\/\/www.abrazpe.org.br\/wp-content\/uploads\/2023\/08\/IMG_0764-300x200.jpg 300w, https:\/\/www.abrazpe.org.br\/wp-content\/uploads\/2023\/08\/IMG_0764-768x512.jpg 768w, https:\/\/www.abrazpe.org.br\/wp-content\/uploads\/2023\/08\/IMG_0764-1536x1024.jpg 1536w, https:\/\/www.abrazpe.org.br\/wp-content\/uploads\/2023\/08\/IMG_0764-370x247.jpg 370w, https:\/\/www.abrazpe.org.br\/wp-content\/uploads\/2023\/08\/IMG_0764-970x647.jpg 970w, https:\/\/www.abrazpe.org.br\/wp-content\/uploads\/2023\/08\/IMG_0764.jpg 1920w\" sizes=\"auto, (max-width: 1024px) 100vw, 1024px\" \/><\/figure>\n\n\n\n<figure class=\"wp-block-image size-large\"><img loading=\"lazy\" decoding=\"async\" width=\"1024\" height=\"683\" src=\"https:\/\/www.abrazpe.org.br\/wp-content\/uploads\/2023\/08\/IMG_0771-1024x683.jpg\" alt=\"\" class=\"wp-image-5885\" srcset=\"https:\/\/www.abrazpe.org.br\/wp-content\/uploads\/2023\/08\/IMG_0771-1024x683.jpg 1024w, https:\/\/www.abrazpe.org.br\/wp-content\/uploads\/2023\/08\/IMG_0771-300x200.jpg 300w, https:\/\/www.abrazpe.org.br\/wp-content\/uploads\/2023\/08\/IMG_0771-768x512.jpg 768w, https:\/\/www.abrazpe.org.br\/wp-content\/uploads\/2023\/08\/IMG_0771-1536x1024.jpg 1536w, https:\/\/www.abrazpe.org.br\/wp-content\/uploads\/2023\/08\/IMG_0771-370x247.jpg 370w, https:\/\/www.abrazpe.org.br\/wp-content\/uploads\/2023\/08\/IMG_0771-970x647.jpg 970w, https:\/\/www.abrazpe.org.br\/wp-content\/uploads\/2023\/08\/IMG_0771.jpg 1920w\" sizes=\"auto, (max-width: 1024px) 100vw, 1024px\" \/><\/figure>\n\n\n\n<figure class=\"wp-block-image size-large\"><img loading=\"lazy\" decoding=\"async\" width=\"1024\" height=\"683\" src=\"https:\/\/www.abrazpe.org.br\/wp-content\/uploads\/2023\/08\/IMG_0756-1024x683.jpg\" alt=\"\" class=\"wp-image-5884\" srcset=\"https:\/\/www.abrazpe.org.br\/wp-content\/uploads\/2023\/08\/IMG_0756-1024x683.jpg 1024w, https:\/\/www.abrazpe.org.br\/wp-content\/uploads\/2023\/08\/IMG_0756-300x200.jpg 300w, https:\/\/www.abrazpe.org.br\/wp-content\/uploads\/2023\/08\/IMG_0756-768x512.jpg 768w, https:\/\/www.abrazpe.org.br\/wp-content\/uploads\/2023\/08\/IMG_0756-1536x1024.jpg 1536w, https:\/\/www.abrazpe.org.br\/wp-content\/uploads\/2023\/08\/IMG_0756-370x247.jpg 370w, https:\/\/www.abrazpe.org.br\/wp-content\/uploads\/2023\/08\/IMG_0756-970x647.jpg 970w, https:\/\/www.abrazpe.org.br\/wp-content\/uploads\/2023\/08\/IMG_0756.jpg 1920w\" sizes=\"auto, (max-width: 1024px) 100vw, 1024px\" \/><\/figure>\n\n\n\n<figure class=\"wp-block-image size-large\"><img loading=\"lazy\" decoding=\"async\" width=\"1024\" height=\"683\" src=\"https:\/\/www.abrazpe.org.br\/wp-content\/uploads\/2023\/08\/IMG_0762-1024x683.jpg\" alt=\"\" class=\"wp-image-5883\" srcset=\"https:\/\/www.abrazpe.org.br\/wp-content\/uploads\/2023\/08\/IMG_0762-1024x683.jpg 1024w, https:\/\/www.abrazpe.org.br\/wp-content\/uploads\/2023\/08\/IMG_0762-300x200.jpg 300w, https:\/\/www.abrazpe.org.br\/wp-content\/uploads\/2023\/08\/IMG_0762-768x512.jpg 768w, https:\/\/www.abrazpe.org.br\/wp-content\/uploads\/2023\/08\/IMG_0762-1536x1024.jpg 1536w, https:\/\/www.abrazpe.org.br\/wp-content\/uploads\/2023\/08\/IMG_0762-370x247.jpg 370w, https:\/\/www.abrazpe.org.br\/wp-content\/uploads\/2023\/08\/IMG_0762-970x647.jpg 970w, https:\/\/www.abrazpe.org.br\/wp-content\/uploads\/2023\/08\/IMG_0762.jpg 1920w\" sizes=\"auto, (max-width: 1024px) 100vw, 1024px\" \/><\/figure>\n\n\n\n<figure class=\"wp-block-image size-large\"><img loading=\"lazy\" decoding=\"async\" width=\"1024\" height=\"683\" src=\"https:\/\/www.abrazpe.org.br\/wp-content\/uploads\/2023\/08\/IMG_0772-1024x683.jpg\" alt=\"\" class=\"wp-image-5882\" srcset=\"https:\/\/www.abrazpe.org.br\/wp-content\/uploads\/2023\/08\/IMG_0772-1024x683.jpg 1024w, https:\/\/www.abrazpe.org.br\/wp-content\/uploads\/2023\/08\/IMG_0772-300x200.jpg 300w, https:\/\/www.abrazpe.org.br\/wp-content\/uploads\/2023\/08\/IMG_0772-768x512.jpg 768w, https:\/\/www.abrazpe.org.br\/wp-content\/uploads\/2023\/08\/IMG_0772-1536x1024.jpg 1536w, https:\/\/www.abrazpe.org.br\/wp-content\/uploads\/2023\/08\/IMG_0772-370x247.jpg 370w, https:\/\/www.abrazpe.org.br\/wp-content\/uploads\/2023\/08\/IMG_0772-970x647.jpg 970w, https:\/\/www.abrazpe.org.br\/wp-content\/uploads\/2023\/08\/IMG_0772.jpg 1920w\" sizes=\"auto, (max-width: 1024px) 100vw, 1024px\" \/><\/figure>\n\n\n\n<figure class=\"wp-block-image size-large\"><img loading=\"lazy\" decoding=\"async\" width=\"1024\" height=\"683\" src=\"https:\/\/www.abrazpe.org.br\/wp-content\/uploads\/2023\/08\/IMG_0770-1024x683.jpg\" alt=\"\" class=\"wp-image-5881\" srcset=\"https:\/\/www.abrazpe.org.br\/wp-content\/uploads\/2023\/08\/IMG_0770-1024x683.jpg 1024w, https:\/\/www.abrazpe.org.br\/wp-content\/uploads\/2023\/08\/IMG_0770-300x200.jpg 300w, https:\/\/www.abrazpe.org.br\/wp-content\/uploads\/2023\/08\/IMG_0770-768x512.jpg 768w, https:\/\/www.abrazpe.org.br\/wp-content\/uploads\/2023\/08\/IMG_0770-1536x1024.jpg 1536w, https:\/\/www.abrazpe.org.br\/wp-content\/uploads\/2023\/08\/IMG_0770-370x247.jpg 370w, https:\/\/www.abrazpe.org.br\/wp-content\/uploads\/2023\/08\/IMG_0770-970x647.jpg 970w, https:\/\/www.abrazpe.org.br\/wp-content\/uploads\/2023\/08\/IMG_0770.jpg 1920w\" sizes=\"auto, (max-width: 1024px) 100vw, 1024px\" \/><\/figure>\n\n\n\n<figure class=\"wp-block-image size-large\"><img loading=\"lazy\" decoding=\"async\" width=\"1024\" height=\"683\" src=\"https:\/\/www.abrazpe.org.br\/wp-content\/uploads\/2023\/08\/IMG_0743-1024x683.jpg\" alt=\"\" class=\"wp-image-5880\" srcset=\"https:\/\/www.abrazpe.org.br\/wp-content\/uploads\/2023\/08\/IMG_0743-1024x683.jpg 1024w, https:\/\/www.abrazpe.org.br\/wp-content\/uploads\/2023\/08\/IMG_0743-300x200.jpg 300w, https:\/\/www.abrazpe.org.br\/wp-content\/uploads\/2023\/08\/IMG_0743-768x512.jpg 768w, https:\/\/www.abrazpe.org.br\/wp-content\/uploads\/2023\/08\/IMG_0743-1536x1024.jpg 1536w, https:\/\/www.abrazpe.org.br\/wp-content\/uploads\/2023\/08\/IMG_0743-370x247.jpg 370w, https:\/\/www.abrazpe.org.br\/wp-content\/uploads\/2023\/08\/IMG_0743-970x647.jpg 970w, https:\/\/www.abrazpe.org.br\/wp-content\/uploads\/2023\/08\/IMG_0743.jpg 1920w\" sizes=\"auto, (max-width: 1024px) 100vw, 1024px\" \/><\/figure>\n\n\n\n<figure class=\"wp-block-image size-large is-style-default\"><img loading=\"lazy\" decoding=\"async\" width=\"1024\" height=\"683\" src=\"https:\/\/www.abrazpe.org.br\/wp-content\/uploads\/2023\/08\/IMG_0745-1024x683.jpg\" alt=\"\" class=\"wp-image-5879\" srcset=\"https:\/\/www.abrazpe.org.br\/wp-content\/uploads\/2023\/08\/IMG_0745-1024x683.jpg 1024w, https:\/\/www.abrazpe.org.br\/wp-content\/uploads\/2023\/08\/IMG_0745-300x200.jpg 300w, https:\/\/www.abrazpe.org.br\/wp-content\/uploads\/2023\/08\/IMG_0745-768x512.jpg 768w, https:\/\/www.abrazpe.org.br\/wp-content\/uploads\/2023\/08\/IMG_0745-1536x1024.jpg 1536w, https:\/\/www.abrazpe.org.br\/wp-content\/uploads\/2023\/08\/IMG_0745-370x247.jpg 370w, https:\/\/www.abrazpe.org.br\/wp-content\/uploads\/2023\/08\/IMG_0745-970x647.jpg 970w, https:\/\/www.abrazpe.org.br\/wp-content\/uploads\/2023\/08\/IMG_0745.jpg 1920w\" sizes=\"auto, (max-width: 1024px) 100vw, 1024px\" \/><\/figure>\n\n\n\n<figure class=\"wp-block-image size-large\"><img loading=\"lazy\" decoding=\"async\" width=\"683\" height=\"1024\" src=\"https:\/\/www.abrazpe.org.br\/wp-content\/uploads\/2023\/08\/20230830175543__MG_1565-683x1024.jpg\" alt=\"\" class=\"wp-image-5877\" srcset=\"https:\/\/www.abrazpe.org.br\/wp-content\/uploads\/2023\/08\/20230830175543__MG_1565-683x1024.jpg 683w, https:\/\/www.abrazpe.org.br\/wp-content\/uploads\/2023\/08\/20230830175543__MG_1565-200x300.jpg 200w, https:\/\/www.abrazpe.org.br\/wp-content\/uploads\/2023\/08\/20230830175543__MG_1565-768x1152.jpg 768w, https:\/\/www.abrazpe.org.br\/wp-content\/uploads\/2023\/08\/20230830175543__MG_1565-1024x1536.jpg 1024w, https:\/\/www.abrazpe.org.br\/wp-content\/uploads\/2023\/08\/20230830175543__MG_1565-370x555.jpg 370w, https:\/\/www.abrazpe.org.br\/wp-content\/uploads\/2023\/08\/20230830175543__MG_1565-970x1455.jpg 970w, https:\/\/www.abrazpe.org.br\/wp-content\/uploads\/2023\/08\/20230830175543__MG_1565-rotated.jpg 1280w\" sizes=\"auto, (max-width: 683px) 100vw, 683px\" \/><\/figure>\n\n\n\n<figure class=\"wp-block-image size-large\"><img loading=\"lazy\" decoding=\"async\" width=\"1024\" height=\"683\" src=\"https:\/\/www.abrazpe.org.br\/wp-content\/uploads\/2023\/08\/IMG_0750-1024x683.jpg\" alt=\"\" class=\"wp-image-5878\" srcset=\"https:\/\/www.abrazpe.org.br\/wp-content\/uploads\/2023\/08\/IMG_0750-1024x683.jpg 1024w, https:\/\/www.abrazpe.org.br\/wp-content\/uploads\/2023\/08\/IMG_0750-300x200.jpg 300w, https:\/\/www.abrazpe.org.br\/wp-content\/uploads\/2023\/08\/IMG_0750-768x512.jpg 768w, https:\/\/www.abrazpe.org.br\/wp-content\/uploads\/2023\/08\/IMG_0750-1536x1024.jpg 1536w, https:\/\/www.abrazpe.org.br\/wp-content\/uploads\/2023\/08\/IMG_0750-370x247.jpg 370w, https:\/\/www.abrazpe.org.br\/wp-content\/uploads\/2023\/08\/IMG_0750-970x647.jpg 970w, https:\/\/www.abrazpe.org.br\/wp-content\/uploads\/2023\/08\/IMG_0750.jpg 1920w\" sizes=\"auto, (max-width: 1024px) 100vw, 1024px\" \/><\/figure>\n<\/div><\/div>\n<\/div>\n<\/div>\n<\/div>\n<\/div>\n<\/div>\n<\/div><\/div>\n","protected":false},"excerpt":{"rendered":"<p><small> 2 minutos<\/small> Bras\u00edlia, DF \u2013 Nesta quarta-feira, foi lan\u00e7ada a Frente Parlamentar em Defesa das Zonas de Processamento e Exporta\u00e7\u00e3o \u2013 ZPE na C\u00e2mara dos Deputados. Com o objetivo de promover uma ampla gama de benef\u00edcios para o pa\u00eds, a frente parlamentar surge como um marco importante para estimular o crescimento econ\u00f4mico e a cria\u00e7\u00e3o de empregos. A ZPE representa um passo crucial para fortalecer o cen\u00e1rio econ\u00f4mico do Brasil, visando a defesa do regime tribut\u00e1rio, cambial e administrativo das Zonas de Exporta\u00e7\u00e3o. Essa <a href=\"https:\/\/www.abrazpe.org.br\/index.php\/frente-parlamentar-das-zpes\/\" class=\"more-link\"><span>Continue lendo<\/span>\u2192<\/a><\/p>\n","protected":false},"author":3,"featured_media":0,"parent":0,"menu_order":0,"comment_status":"closed","ping_status":"closed","template":"","meta":{"footnotes":""},"class_list":["entry","author-adm_fb2018","post-5898","page","type-page","status-publish"],"_links":{"self":[{"href":"https:\/\/www.abrazpe.org.br\/index.php\/wp-json\/wp\/v2\/pages\/5898","targetHints":{"allow":["GET"]}}],"collection":[{"href":"https:\/\/www.abrazpe.org.br\/index.php\/wp-json\/wp\/v2\/pages"}],"about":[{"href":"https:\/\/www.abrazpe.org.br\/index.php\/wp-json\/wp\/v2\/types\/page"}],"author":[{"embeddable":true,"href":"https:\/\/www.abrazpe.org.br\/index.php\/wp-json\/wp\/v2\/users\/3"}],"replies":[{"embeddable":true,"href":"https:\/\/www.abrazpe.org.br\/index.php\/wp-json\/wp\/v2\/comments?post=5898"}],"version-history":[{"count":7,"href":"https:\/\/www.abrazpe.org.br\/index.php\/wp-json\/wp\/v2\/pages\/5898\/revisions"}],"predecessor-version":[{"id":5918,"href":"https:\/\/www.abrazpe.org.br\/index.php\/wp-json\/wp\/v2\/pages\/5898\/revisions\/5918"}],"wp:attachment":[{"href":"https:\/\/www.abrazpe.org.br\/index.php\/wp-json\/wp\/v2\/media?parent=5898"}],"curies":[{"name":"wp","href":"https:\/\/api.w.org\/{rel}","templated":true}]}}